{"id":4489,"date":"2022-01-28T16:23:04","date_gmt":"2022-01-28T15:23:04","guid":{"rendered":"https:\/\/samaritainfrance.org\/?page_id=4489"},"modified":"2022-01-28T21:24:05","modified_gmt":"2022-01-28T20:24:05","slug":"mentions-legales-3","status":"publish","type":"page","link":"https:\/\/samaritainfrance.org\/en\/mentions-legales-3\/","title":{"rendered":"Mentions l\u00e9gales"},"content":{"rendered":"<div data-elementor-type=\"wp-page\" data-elementor-id=\"4489\" class=\"elementor elementor-4489\" data-elementor-settings=\"[]\">\n\t\t\t\t\t\t<div class=\"elementor-inner\">\n\t\t\t\t\t\t\t<div class=\"elementor-section-wrap\">\n\t\t\t\t\t\t\t<section class=\"elementor-section elementor-top-section elementor-element elementor-element-5aa7bee1 elementor-section-boxed elementor-section-height-default elementor-section-height-default\" data-id=\"5aa7bee1\" data-element_type=\"section\">\n\t\t\t\t\t\t<div class=\"elementor-container elementor-column-gap-default\">\n\t\t\t\t\t\t\t<div class=\"elementor-row\">\n\t\t\t\t\t<div class=\"elementor-column elementor-col-100 elementor-top-column elementor-element elementor-element-3266ca2b\" data-id=\"3266ca2b\" data-element_type=\"column\">\n\t\t\t<div class=\"elementor-column-wrap elementor-element-populated\">\n\t\t\t\t\t\t\t<div class=\"elementor-widget-wrap\">\n\t\t\t\t\t\t<div class=\"elementor-element elementor-element-771200f6 elementor-widget elementor-widget-text-editor\" data-id=\"771200f6\" data-element_type=\"widget\" data-widget_type=\"text-editor.default\">\n\t\t\t\t<div class=\"elementor-widget-container\">\n\t\t\t\t\t\t\t\t<div class=\"elementor-text-editor elementor-clearfix\">\n\t\t\t\t<!-- wp:heading -->\n<h2 id=\"mentions-legales\" style=\"text-align: center;\">MENTIONS L\u00c9GALES<\/h2>\n<!-- \/wp:heading -->\n\n<!-- wp:paragraph -->\n<p style=\"text-align: center;\">En vigueur au 20\/01\/2022<\/p>\n<!-- \/wp:paragraph -->\t\t\t\t\t<\/div>\n\t\t\t\t\t\t<\/div>\n\t\t\t\t<\/div>\n\t\t\t\t\t\t<\/div>\n\t\t\t\t\t<\/div>\n\t\t<\/div>\n\t\t\t\t\t\t\t\t<\/div>\n\t\t\t\t\t<\/div>\n\t\t<\/section>\n\t\t\t\t<section class=\"elementor-section elementor-top-section elementor-element elementor-element-c574a5a elementor-section-boxed elementor-section-height-default elementor-section-height-default\" data-id=\"c574a5a\" data-element_type=\"section\">\n\t\t\t\t\t\t<div class=\"elementor-container elementor-column-gap-default\">\n\t\t\t\t\t\t\t<div class=\"elementor-row\">\n\t\t\t\t\t<div class=\"elementor-column elementor-col-100 elementor-top-column elementor-element elementor-element-30ac20b\" data-id=\"30ac20b\" data-element_type=\"column\">\n\t\t\t<div class=\"elementor-column-wrap elementor-element-populated\">\n\t\t\t\t\t\t\t<div class=\"elementor-widget-wrap\">\n\t\t\t\t\t\t<div class=\"elementor-element elementor-element-77c065d elementor-widget elementor-widget-text-editor\" data-id=\"77c065d\" data-element_type=\"widget\" data-widget_type=\"text-editor.default\">\n\t\t\t\t<div class=\"elementor-widget-container\">\n\t\t\t\t\t\t\t\t<div class=\"elementor-text-editor elementor-clearfix\">\n\t\t\t\t<p>Conform\u00e9ment aux dispositions des Articles 6-III et 19 de la Loi n\u00b02004-575 du 21 juin 2004 pour la Confiance dans l\u2019\u00e9conomie num\u00e9rique, dite L.C.E.N., il est port\u00e9 \u00e0 la connaissance des utilisateurs et visiteurs, ci-apr\u00e8s l\u2019<strong>Utilisateur<\/strong>\u00ab\u00a0, du site www.samaritainfrance.org, ci-apr\u00e8s le \u00ab\u00a0<strong>Site<\/strong>\u00ab\u00a0, les pr\u00e9sentes mentions l\u00e9gales.<\/p>\n<p>La connexion et la navigation sur le Site par l\u2019Utilisateur implique acceptation int\u00e9grale et sans r\u00e9serve des pr\u00e9sentes mentions l\u00e9gales.<\/p>\n<p>Ces derni\u00e8res sont accessibles sur le Site \u00e0 la rubrique \u00ab Mentions l\u00e9gales \u00bb.<\/p>\n<h2>ARTICLE 1 &#8211; L\u2019\u00c9DITEUR<\/h2>\n<p>L&rsquo;\u00e9dition du Site est assur\u00e9e par SAMARITAIN France, association loi 1901, immatricul\u00e9e \u00e0 la pr\u00e9fecture des Yvelines, sous le num\u00e9ro RNA\u00a0: <strong>W931016256, <\/strong>dont le si\u00e8ge social est situ\u00e9 au 66 B, rue de Montreuil, 78000 VERSAILLES. Num\u00e9ro de t\u00e9l\u00e9phone +33 7 69 57 94 44 Adresse e-mail : <a href=\"mailto:contact@samaritainfrance.org\">contact@samaritainfrance.org<\/a> Le Directrice de la publication est Marie Louise Gomis, pr\u00e9sidente.<\/p>\n<p>ci-apr\u00e8s l'\u00a0\u00bb<strong>\u00c9diteur<\/strong>\u00ab\u00a0.<\/p>\n<h2>ARTICLE 2 &#8211; L\u2019H\u00c9BERGEUR<\/h2>\n<p>L&rsquo;h\u00e9bergeur du Site est la soci\u00e9t\u00e9 Infomaniak , dont le si\u00e8ge social est situ\u00e9 au Rue Eug\u00e8ne-Marziano 25, 1227 Gen\u00e8ve, Suisse , av<strong>ec le num\u00e9ro de t\u00e9l\u00e9phone +41 22 820 35 40. <\/strong><\/p>\n<h2>ARTICLE 3 &#8211; ACC\u00c8S AU SITE<\/h2>\n<p>Le Site est accessible en tout endroit, 7j\/7, 24h\/24 sauf cas de force majeure, interruption programm\u00e9e ou non et pouvant d\u00e9coulant d\u2019une n\u00e9cessit\u00e9 de maintenance.<\/p>\n<p>En cas de modification, interruption ou suspension du Site, l\u2019\u00c9diteur ne saurait \u00eatre tenu responsable.<\/p>\n<h2>ARTICLE 4 &#8211; COLLECTE DES DONN\u00c9ES<\/h2>\n<p>Le Site assure \u00e0 l&rsquo;Utilisateur une collecte et un traitement d&rsquo;informations personnelles dans le respect de la vie priv\u00e9e conform\u00e9ment \u00e0 la loi n\u00b078-17 du 6 janvier 1978 relative \u00e0 l&rsquo;informatique, aux fichiers et aux libert\u00e9s.<\/p>\n<p>En vertu de la loi Informatique et Libert\u00e9s, en date du 6 janvier 1978, l&rsquo;Utilisateur dispose d&rsquo;un droit d&rsquo;acc\u00e8s, de rectification, de suppression et d&rsquo;opposition de ses donn\u00e9es personnelles. L&rsquo;Utilisateur exerce ce droit :<\/p>\n<ul>\n<li>par mail \u00e0 l&rsquo;adresse e-mail contact@samaritainfrance.org<\/li>\n<\/ul>\n<p>Toute utilisation, reproduction, diffusion, commercialisation, modification de toute ou partie du Site, sans autorisation de l\u2019\u00e9diteur est prohib\u00e9e et pourra entra\u00een\u00e9e des actions et poursuites judiciaires telles que notamment pr\u00e9vues par le Code de la propri\u00e9t\u00e9 intellectuelle et le Code civil.<\/p>\n<p>Pour plus d\u2019informations, se reporter aux CGU du site accessible \u00e0 la rubrique \u00ab\u00a0CGU\u00a0\u00bb<\/p>\n<p>Pour plus d&rsquo;informations en mati\u00e8re de protection des donn\u00e9es \u00e0 caract\u00e8re personnel , se reporter \u00e0 la Charte en mati\u00e8re de protection des donn\u00e9es \u00e0 caract\u00e8re personnel du site accessible \u00e0 la rubrique \u00ab\u00a0Donn\u00e9es personnelles\u00a0\u00bb<\/p>\n<p>Pour plus d&rsquo;informations en mati\u00e8re de cookies, se reporter \u00e0 la Charte en mati\u00e8re de cookies du site accessible \u00e0 la rubrique \u00ab\u00a0Cookies\u00a0\u00bb<\/p>\t\t\t\t\t<\/div>\n\t\t\t\t\t\t<\/div>\n\t\t\t\t<\/div>\n\t\t\t\t\t\t<\/div>\n\t\t\t\t\t<\/div>\n\t\t<\/div>\n\t\t\t\t\t\t\t\t<\/div>\n\t\t\t\t\t<\/div>\n\t\t<\/section>\n\t\t\t\t\t\t<\/div>\n\t\t\t\t\t\t<\/div>\n\t\t\t\t\t<\/div>","protected":false},"excerpt":{"rendered":"<p>MENTIONS L\u00c9GALES En vigueur au 20\/01\/2022 Conform\u00e9ment aux dispositions des Articles 6-III et 19 de la Loi n\u00b02004-575 du 21 juin 2004 pour la Confiance dans l\u2019\u00e9conomie num\u00e9rique, dite L.C.E.N., il est port\u00e9 \u00e0 la connaissance des utilisateurs et visiteurs, ci-apr\u00e8s l\u2019Utilisateur\u00ab\u00a0, du site www.samaritainfrance.org, ci-apr\u00e8s le \u00ab\u00a0Site\u00ab\u00a0, les pr\u00e9sentes mentions l\u00e9gales. La connexion et [&hellip;]<\/p>","protected":false},"author":1,"featured_media":0,"parent":0,"menu_order":0,"comment_status":"closed","ping_status":"closed","template":"","meta":[],"_links":{"self":[{"href":"https:\/\/samaritainfrance.org\/en\/wp-json\/wp\/v2\/pages\/4489"}],"collection":[{"href":"https:\/\/samaritainfrance.org\/en\/wp-json\/wp\/v2\/pages"}],"about":[{"href":"https:\/\/samaritainfrance.org\/en\/wp-json\/wp\/v2\/types\/page"}],"author":[{"embeddable":true,"href":"https:\/\/samaritainfrance.org\/en\/wp-json\/wp\/v2\/users\/1"}],"replies":[{"embeddable":true,"href":"https:\/\/samaritainfrance.org\/en\/wp-json\/wp\/v2\/comments?post=4489"}],"version-history":[{"count":11,"href":"https:\/\/samaritainfrance.org\/en\/wp-json\/wp\/v2\/pages\/4489\/revisions"}],"predecessor-version":[{"id":4502,"href":"https:\/\/samaritainfrance.org\/en\/wp-json\/wp\/v2\/pages\/4489\/revisions\/4502"}],"wp:attachment":[{"href":"https:\/\/samaritainfrance.org\/en\/wp-json\/wp\/v2\/media?parent=4489"}],"curies":[{"name":"wp","href":"https:\/\/api.w.org\/{rel}","templated":true}]}}