{"id":4303,"date":"2019-09-26T17:07:33","date_gmt":"2019-09-26T15:07:33","guid":{"rendered":"http:\/\/samaritainfrance.org\/?page_id=4303"},"modified":"2022-01-27T21:16:23","modified_gmt":"2022-01-27T20:16:23","slug":"deductions-fiscales-don","status":"publish","type":"page","link":"https:\/\/samaritainfrance.org\/en\/deductions-fiscales-don\/","title":{"rendered":"D\u00e9ductions fiscales (don)"},"content":{"rendered":"<div data-elementor-type=\"wp-page\" data-elementor-id=\"4303\" class=\"elementor elementor-4303\" data-elementor-settings=\"[]\">\n\t\t\t\t\t\t<div class=\"elementor-inner\">\n\t\t\t\t\t\t\t<div class=\"elementor-section-wrap\">\n\t\t\t\t\t\t\t<section class=\"elementor-section elementor-top-section elementor-element elementor-element-2e6a3a6 elementor-section-boxed elementor-section-height-default elementor-section-height-default\" data-id=\"2e6a3a6\" data-element_type=\"section\">\n\t\t\t\t\t\t<div class=\"elementor-container elementor-column-gap-default\">\n\t\t\t\t\t\t\t<div class=\"elementor-row\">\n\t\t\t\t\t<div class=\"elementor-column elementor-col-100 elementor-top-column elementor-element elementor-element-47a6a02\" data-id=\"47a6a02\" data-element_type=\"column\">\n\t\t\t<div class=\"elementor-column-wrap\">\n\t\t\t\t\t\t\t<div class=\"elementor-widget-wrap\">\n\t\t\t\t\t\t\t\t<\/div>\n\t\t\t\t\t<\/div>\n\t\t<\/div>\n\t\t\t\t\t\t\t\t<\/div>\n\t\t\t\t\t<\/div>\n\t\t<\/section>\n\t\t\t\t<section class=\"elementor-section elementor-top-section elementor-element elementor-element-4eafff9c elementor-section-content-middle elementor-section-boxed elementor-section-height-default elementor-section-height-default\" data-id=\"4eafff9c\" data-element_type=\"section\">\n\t\t\t\t\t\t<div class=\"elementor-container elementor-column-gap-no\">\n\t\t\t\t\t\t\t<div class=\"elementor-row\">\n\t\t\t\t\t<div class=\"elementor-column elementor-col-100 elementor-top-column elementor-element elementor-element-3a166f40\" data-id=\"3a166f40\" data-element_type=\"column\" data-settings=\"{&quot;background_background&quot;:&quot;gradient&quot;}\">\n\t\t\t<div class=\"elementor-column-wrap elementor-element-populated\">\n\t\t\t\t\t\t\t<div class=\"elementor-widget-wrap\">\n\t\t\t\t\t\t<div class=\"elementor-element elementor-element-2cfcb360 elementor-widget elementor-widget-heading\" data-id=\"2cfcb360\" data-element_type=\"widget\" data-widget_type=\"heading.default\">\n\t\t\t\t<div class=\"elementor-widget-container\">\n\t\t\t<h4 class=\"elementor-heading-title elementor-size-default\">D\u00e9ductions fiscales<\/h4>\t\t<\/div>\n\t\t\t\t<\/div>\n\t\t\t\t<div class=\"elementor-element elementor-element-6cc05bc8 elementor-widget elementor-widget-text-editor\" data-id=\"6cc05bc8\" data-element_type=\"widget\" data-widget_type=\"text-editor.default\">\n\t\t\t\t<div class=\"elementor-widget-container\">\n\t\t\t\t\t\t\t\t<div class=\"elementor-text-editor elementor-clearfix\">\n\t\t\t\t<p><span style=\"color: #000000;\">Nous sommes une Association loi 1901 \u00e0 but non lucratif, d\u2019int\u00e9r\u00eat g\u00e9n\u00e9ral et social et humanitaire. <\/span><br \/><span style=\"color: #000000;\">Nous b\u00e9n\u00e9ficions des articles 200 et 238 bis du code g\u00e9n\u00e9ral des imp\u00f4ts.<\/span><\/p>\t\t\t\t\t<\/div>\n\t\t\t\t\t\t<\/div>\n\t\t\t\t<\/div>\n\t\t\t\t\t\t<\/div>\n\t\t\t\t\t<\/div>\n\t\t<\/div>\n\t\t\t\t\t\t\t\t<\/div>\n\t\t\t\t\t<\/div>\n\t\t<\/section>\n\t\t\t\t<section class=\"elementor-section elementor-top-section elementor-element elementor-element-4875868 elementor-section-boxed elementor-section-height-default elementor-section-height-default\" data-id=\"4875868\" data-element_type=\"section\">\n\t\t\t\t\t\t<div class=\"elementor-container elementor-column-gap-default\">\n\t\t\t\t\t\t\t<div class=\"elementor-row\">\n\t\t\t\t\t<div class=\"elementor-column elementor-col-100 elementor-top-column elementor-element elementor-element-0c3e5a5\" data-id=\"0c3e5a5\" data-element_type=\"column\">\n\t\t\t<div class=\"elementor-column-wrap elementor-element-populated\">\n\t\t\t\t\t\t\t<div class=\"elementor-widget-wrap\">\n\t\t\t\t\t\t<div class=\"elementor-element elementor-element-4d430e3 elementor-widget elementor-widget-heading\" data-id=\"4d430e3\" data-element_type=\"widget\" data-widget_type=\"heading.default\">\n\t\t\t\t<div class=\"elementor-widget-container\">\n\t\t\t<h2 class=\"elementor-heading-title elementor-size-medium\">Quel est votre avantage ?<\/h2>\t\t<\/div>\n\t\t\t\t<\/div>\n\t\t\t\t\t\t<\/div>\n\t\t\t\t\t<\/div>\n\t\t<\/div>\n\t\t\t\t\t\t\t\t<\/div>\n\t\t\t\t\t<\/div>\n\t\t<\/section>\n\t\t\t\t<section class=\"elementor-section elementor-top-section elementor-element elementor-element-5401bb6 elementor-section-boxed elementor-section-height-default elementor-section-height-default\" data-id=\"5401bb6\" data-element_type=\"section\">\n\t\t\t\t\t\t<div class=\"elementor-container elementor-column-gap-default\">\n\t\t\t\t\t\t\t<div class=\"elementor-row\">\n\t\t\t\t\t<div class=\"elementor-column elementor-col-100 elementor-top-column elementor-element elementor-element-21b30a6\" data-id=\"21b30a6\" data-element_type=\"column\">\n\t\t\t<div class=\"elementor-column-wrap elementor-element-populated\">\n\t\t\t\t\t\t\t<div class=\"elementor-widget-wrap\">\n\t\t\t\t\t\t<div class=\"elementor-element elementor-element-519b4e6 elementor-widget elementor-widget-text-editor\" data-id=\"519b4e6\" data-element_type=\"widget\" data-widget_type=\"text-editor.default\">\n\t\t\t\t<div class=\"elementor-widget-container\">\n\t\t\t\t\t\t\t\t<div class=\"elementor-text-editor elementor-clearfix\">\n\t\t\t\t<p>D\u00e8s lors que des organismes r\u00e9pondent aux crit\u00e8res d\u00e9finis aux articles pr\u00e9cit\u00e9s, les dons qu\u2019ils re\u00e7oivent ouvrent droit, pour le donateur, \u00e0 une r\u00e9duction d\u2019imp\u00f4t :<\/p><ol><li>Pour les personnes physiques. <br \/>&#8211; De 66 % des sommes vers\u00e9es dans la limite de 20 % du revenu imposable ;<br \/>&#8211; Ou de 75 % des sommes vers\u00e9es dans la limite de 552 \u20ac pour les versements effectu\u00e9s en 2020 au profit d&rsquo;associations venant en aide aux personnes en difficult\u00e9 (546 \u20ac pour les versements effectu\u00e9s en 2019).<\/li><li>Pour les entreprises assujetties \u00e0 l\u2019imp\u00f4t sur le revenu ou \u00e0 l\u2019imp\u00f4t sur les soci\u00e9t\u00e9s<br \/>&#8211; De 60 % des sommes vers\u00e9es dans la limite de 10 000 \u20ac ou de 5 \u2030 du chiffre d\u2019affaires hors taxes. La limite de 10 000 \u20ac, alternative \u00e0 celle de 5 \u2030 du chiffre d&rsquo;affaires hors taxes, s&rsquo;applique aux versements effectu\u00e9s au cours des exercices clos \u00e0 compter du 31 d\u00e9cembre 2019. Les entreprises peuvent appliquer au choix le plafond de 10 000 \u20ac ou celui de 5 \u2030 du chiffre d&rsquo;affaires hors taxes lorsque ce dernier montant est plus \u00e9lev\u00e9.<br \/>Nous d\u00e9livrons aux donateurs des re\u00e7us fiscaux justifiant le b\u00e9n\u00e9fice de la r\u00e9duction d\u2019imp\u00f4t.<\/li><\/ol>\t\t\t\t\t<\/div>\n\t\t\t\t\t\t<\/div>\n\t\t\t\t<\/div>\n\t\t\t\t\t\t<\/div>\n\t\t\t\t\t<\/div>\n\t\t<\/div>\n\t\t\t\t\t\t\t\t<\/div>\n\t\t\t\t\t<\/div>\n\t\t<\/section>\n\t\t\t\t\t\t<\/div>\n\t\t\t\t\t\t<\/div>\n\t\t\t\t\t<\/div>","protected":false},"excerpt":{"rendered":"<p>D\u00e9ductions fiscales Nous sommes une Association loi 1901 \u00e0 but non lucratif, d\u2019int\u00e9r\u00eat g\u00e9n\u00e9ral et social et humanitaire. Nous b\u00e9n\u00e9ficions des articles 200 et 238 bis du code g\u00e9n\u00e9ral des imp\u00f4ts. Quel est votre avantage ? D\u00e8s lors que des organismes r\u00e9pondent aux crit\u00e8res d\u00e9finis aux articles pr\u00e9cit\u00e9s, les dons qu\u2019ils re\u00e7oivent ouvrent droit, pour [&hellip;]<\/p>","protected":false},"author":1,"featured_media":0,"parent":0,"menu_order":0,"comment_status":"closed","ping_status":"closed","template":"","meta":[],"_links":{"self":[{"href":"https:\/\/samaritainfrance.org\/en\/wp-json\/wp\/v2\/pages\/4303"}],"collection":[{"href":"https:\/\/samaritainfrance.org\/en\/wp-json\/wp\/v2\/pages"}],"about":[{"href":"https:\/\/samaritainfrance.org\/en\/wp-json\/wp\/v2\/types\/page"}],"author":[{"embeddable":true,"href":"https:\/\/samaritainfrance.org\/en\/wp-json\/wp\/v2\/users\/1"}],"replies":[{"embeddable":true,"href":"https:\/\/samaritainfrance.org\/en\/wp-json\/wp\/v2\/comments?post=4303"}],"version-history":[{"count":19,"href":"https:\/\/samaritainfrance.org\/en\/wp-json\/wp\/v2\/pages\/4303\/revisions"}],"predecessor-version":[{"id":4486,"href":"https:\/\/samaritainfrance.org\/en\/wp-json\/wp\/v2\/pages\/4303\/revisions\/4486"}],"wp:attachment":[{"href":"https:\/\/samaritainfrance.org\/en\/wp-json\/wp\/v2\/media?parent=4303"}],"curies":[{"name":"wp","href":"https:\/\/api.w.org\/{rel}","templated":true}]}}