{"id":3537,"date":"2019-02-28T23:40:45","date_gmt":"2019-02-28T22:40:45","guid":{"rendered":"http:\/\/samaritainfrance.org\/home\/?page_id=3537"},"modified":"2019-09-26T18:52:08","modified_gmt":"2019-09-26T16:52:08","slug":"notre-mission-2","status":"publish","type":"page","link":"https:\/\/samaritainfrance.org\/en\/notre-mission-2\/","title":{"rendered":"Notre mission"},"content":{"rendered":"<div data-elementor-type=\"wp-post\" data-elementor-id=\"3537\" class=\"elementor elementor-3537\" data-elementor-settings=\"[]\">\n\t\t\t\t\t\t<div class=\"elementor-inner\">\n\t\t\t\t\t\t\t<div class=\"elementor-section-wrap\">\n\t\t\t\t\t\t\t<section class=\"elementor-section elementor-top-section elementor-element elementor-element-3e59a24 elementor-section-boxed elementor-section-height-default elementor-section-height-default\" data-id=\"3e59a24\" data-element_type=\"section\" data-settings=\"{&quot;background_background&quot;:&quot;classic&quot;}\">\n\t\t\t\t\t\t\t<div class=\"elementor-background-overlay\"><\/div>\n\t\t\t\t\t\t\t<div class=\"elementor-container elementor-column-gap-default\">\n\t\t\t\t\t\t\t<div class=\"elementor-row\">\n\t\t\t\t\t<div class=\"elementor-column elementor-col-100 elementor-top-column elementor-element elementor-element-accdca3\" data-id=\"accdca3\" data-element_type=\"column\">\n\t\t\t<div class=\"elementor-column-wrap elementor-element-populated\">\n\t\t\t\t\t\t\t<div class=\"elementor-widget-wrap\">\n\t\t\t\t\t\t<div class=\"elementor-element elementor-element-07465a6 elementor-widget elementor-widget-heading\" data-id=\"07465a6\" data-element_type=\"widget\" data-widget_type=\"heading.default\">\n\t\t\t\t<div class=\"elementor-widget-container\">\n\t\t\t<h2 class=\"elementor-heading-title elementor-size-default\">Notre mission<\/h2>\t\t<\/div>\n\t\t\t\t<\/div>\n\t\t\t\t\t\t<\/div>\n\t\t\t\t\t<\/div>\n\t\t<\/div>\n\t\t\t\t\t\t\t\t<\/div>\n\t\t\t\t\t<\/div>\n\t\t<\/section>\n\t\t\t\t<section class=\"elementor-section elementor-top-section elementor-element elementor-element-0710ed8 elementor-section-boxed elementor-section-height-default elementor-section-height-default\" data-id=\"0710ed8\" data-element_type=\"section\">\n\t\t\t\t\t\t<div class=\"elementor-container elementor-column-gap-default\">\n\t\t\t\t\t\t\t<div class=\"elementor-row\">\n\t\t\t\t\t<div class=\"elementor-column elementor-col-100 elementor-top-column elementor-element elementor-element-cf86e08\" data-id=\"cf86e08\" data-element_type=\"column\">\n\t\t\t<div class=\"elementor-column-wrap elementor-element-populated\">\n\t\t\t\t\t\t\t<div class=\"elementor-widget-wrap\">\n\t\t\t\t\t\t<div class=\"elementor-element elementor-element-6a9ec54 elementor-widget elementor-widget-heading\" data-id=\"6a9ec54\" data-element_type=\"widget\" data-widget_type=\"heading.default\">\n\t\t\t\t<div class=\"elementor-widget-container\">\n\t\t\t<h2 class=\"elementor-heading-title elementor-size-default\">Notre Mission<\/h2>\t\t<\/div>\n\t\t\t\t<\/div>\n\t\t\t\t<div class=\"elementor-element elementor-element-ff06be9 elementor-widget elementor-widget-text-editor\" data-id=\"ff06be9\" data-element_type=\"widget\" data-widget_type=\"text-editor.default\">\n\t\t\t\t<div class=\"elementor-widget-container\">\n\t\t\t\t\t\t\t\t<div class=\"elementor-text-editor elementor-clearfix\">\n\t\t\t\t<p class=\"brz-tp-paragraph\"><span class=\"brz-cp-color8\">L\u2019objet de l\u2019association est de venir en aide et de secourir par tous les moyens mat\u00e9riels ou moraux, partout en France et dans le monde, toute personne d\u00e9munie, ind\u00e9pendamment de ses id\u00e9es politiques religieuses ou philosophiques.\u00a0<\/span><\/p><p class=\"brz-tp-paragraph\"><span class=\"brz-cp-color7\">\u00a0<\/span><span class=\"brz-cp-color8\">Aider et secourir suite \u00e0 des catastrophes naturelles et humanitaires; encourager l\u2019insertion par l\u2019initiative \u00e9conomique culturelle litt\u00e9raire humanitaire; aider les pays pauvres et \u00e9mergeants par toute forme d\u2019aide \u00e0 l\u2019\u00e9ducation, le commerce \u00e9quitable et l\u2019\u00e9conomie solidaire.\u00a0<\/span><\/p>\t\t\t\t\t<\/div>\n\t\t\t\t\t\t<\/div>\n\t\t\t\t<\/div>\n\t\t\t\t\t\t<\/div>\n\t\t\t\t\t<\/div>\n\t\t<\/div>\n\t\t\t\t\t\t\t\t<\/div>\n\t\t\t\t\t<\/div>\n\t\t<\/section>\n\t\t\t\t<section class=\"elementor-section elementor-top-section elementor-element elementor-element-60d2ff5 elementor-section-boxed elementor-section-height-default elementor-section-height-default\" data-id=\"60d2ff5\" data-element_type=\"section\">\n\t\t\t\t\t\t<div class=\"elementor-container elementor-column-gap-default\">\n\t\t\t\t\t\t\t<div class=\"elementor-row\">\n\t\t\t\t\t<div class=\"elementor-column elementor-col-100 elementor-top-column elementor-element elementor-element-719f475\" data-id=\"719f475\" data-element_type=\"column\">\n\t\t\t<div class=\"elementor-column-wrap elementor-element-populated\">\n\t\t\t\t\t\t\t<div class=\"elementor-widget-wrap\">\n\t\t\t\t\t\t<div class=\"elementor-element elementor-element-68b8eaf elementor-widget elementor-widget-image-gallery\" data-id=\"68b8eaf\" data-element_type=\"widget\" data-widget_type=\"image-gallery.default\">\n\t\t\t\t<div class=\"elementor-widget-container\">\n\t\t\t\t\t<div class=\"elementor-image-gallery\">\n\t\t\t<div id='gallery-1' class='gallery galleryid-3537 gallery-columns-3 gallery-size-thumbnail'><figure class='gallery-item'>\n\t\t\t<div class='gallery-icon landscape'>\n\t\t\t\t<a data-elementor-open-lightbox=\"yes\" data-elementor-lightbox-slideshow=\"68b8eaf\" data-elementor-lightbox-title=\"sana-abri\" href='https:\/\/samaritainfrance.org\/wp-content\/uploads\/2018\/11\/homeless-844208_1280.jpg'><img width=\"150\" height=\"150\" src=\"https:\/\/samaritainfrance.org\/wp-content\/uploads\/2018\/11\/homeless-844208_1280-150x150.jpg\" class=\"attachment-thumbnail size-thumbnail\" alt=\"\" loading=\"lazy\" \/><\/a>\n\t\t\t<\/div><\/figure><figure class='gallery-item'>\n\t\t\t<div class='gallery-icon landscape'>\n\t\t\t\t<a data-elementor-open-lightbox=\"yes\" data-elementor-lightbox-slideshow=\"68b8eaf\" data-elementor-lightbox-title=\"papa-pauvre\" href='https:\/\/samaritainfrance.org\/wp-content\/uploads\/2018\/11\/baby-22194_1280.jpg'><img width=\"150\" height=\"150\" src=\"https:\/\/samaritainfrance.org\/wp-content\/uploads\/2018\/11\/baby-22194_1280-150x150.jpg\" class=\"attachment-thumbnail size-thumbnail\" alt=\"\" loading=\"lazy\" \/><\/a>\n\t\t\t<\/div><\/figure><figure class='gallery-item'>\n\t\t\t<div class='gallery-icon landscape'>\n\t\t\t\t<a data-elementor-open-lightbox=\"yes\" data-elementor-lightbox-slideshow=\"68b8eaf\" data-elementor-lightbox-title=\"enfant-tanga\" href='https:\/\/samaritainfrance.org\/wp-content\/uploads\/2018\/11\/tanga-102577_1280.jpg'><img width=\"150\" height=\"150\" src=\"https:\/\/samaritainfrance.org\/wp-content\/uploads\/2018\/11\/tanga-102577_1280-150x150.jpg\" class=\"attachment-thumbnail size-thumbnail\" alt=\"\" loading=\"lazy\" \/><\/a>\n\t\t\t<\/div><\/figure>\n\t\t<\/div>\n\t\t<\/div>\n\t\t\t\t<\/div>\n\t\t\t\t<\/div>\n\t\t\t\t\t\t<\/div>\n\t\t\t\t\t<\/div>\n\t\t<\/div>\n\t\t\t\t\t\t\t\t<\/div>\n\t\t\t\t\t<\/div>\n\t\t<\/section>\n\t\t\t\t\t\t<\/div>\n\t\t\t\t\t\t<\/div>\n\t\t\t\t\t<\/div>","protected":false},"excerpt":{"rendered":"<p>Notre mission Notre Mission L\u2019objet de l\u2019association est de venir en aide et de secourir par tous les moyens mat\u00e9riels ou moraux, partout en France et dans le monde, toute personne d\u00e9munie, ind\u00e9pendamment de ses id\u00e9es politiques religieuses ou philosophiques.\u00a0 \u00a0Aider et secourir suite \u00e0 des catastrophes naturelles et humanitaires; encourager l\u2019insertion par l\u2019initiative \u00e9conomique [&hellip;]<\/p>","protected":false},"author":1,"featured_media":0,"parent":0,"menu_order":0,"comment_status":"closed","ping_status":"closed","template":"","meta":[],"_links":{"self":[{"href":"https:\/\/samaritainfrance.org\/en\/wp-json\/wp\/v2\/pages\/3537"}],"collection":[{"href":"https:\/\/samaritainfrance.org\/en\/wp-json\/wp\/v2\/pages"}],"about":[{"href":"https:\/\/samaritainfrance.org\/en\/wp-json\/wp\/v2\/types\/page"}],"author":[{"embeddable":true,"href":"https:\/\/samaritainfrance.org\/en\/wp-json\/wp\/v2\/users\/1"}],"replies":[{"embeddable":true,"href":"https:\/\/samaritainfrance.org\/en\/wp-json\/wp\/v2\/comments?post=3537"}],"version-history":[{"count":7,"href":"https:\/\/samaritainfrance.org\/en\/wp-json\/wp\/v2\/pages\/3537\/revisions"}],"predecessor-version":[{"id":4318,"href":"https:\/\/samaritainfrance.org\/en\/wp-json\/wp\/v2\/pages\/3537\/revisions\/4318"}],"wp:attachment":[{"href":"https:\/\/samaritainfrance.org\/en\/wp-json\/wp\/v2\/media?parent=3537"}],"curies":[{"name":"wp","href":"https:\/\/api.w.org\/{rel}","templated":true}]}}